{"id":107,"date":"2025-02-26T06:29:21","date_gmt":"2025-02-26T05:29:21","guid":{"rendered":"http:\/\/staja.fr\/?page_id=107"},"modified":"2026-04-02T08:00:26","modified_gmt":"2026-04-02T06:00:26","slug":"accueil","status":"publish","type":"page","link":"https:\/\/staja.fr\/","title":{"rendered":"Accueil"},"content":{"rendered":"\n<h2 class=\"wp-block-heading has-vivid-red-color has-text-color has-link-color wp-elements-19e348b7c928843c3c4b78d2be08ec69\">La pr\u00e9fecture rejette la demande d&#8217;autorisation environnementale pour le parc de La Lauzette aux Omergues (04)<\/h2>\n\n\n<div class=\"wp-block-image\">\n<figure class=\"alignright size-full is-resized\"><img loading=\"lazy\" decoding=\"async\" width=\"500\" height=\"500\" src=\"https:\/\/staja.fr\/wp-content\/uploads\/2026\/04\/logo.jpeg\" alt=\"\" class=\"wp-image-444\" style=\"width:185px;height:auto\" srcset=\"https:\/\/staja.fr\/wp-content\/uploads\/2026\/04\/logo.jpeg 500w, https:\/\/staja.fr\/wp-content\/uploads\/2026\/04\/logo-300x300.jpeg 300w, https:\/\/staja.fr\/wp-content\/uploads\/2026\/04\/logo-150x150.jpeg 150w, https:\/\/staja.fr\/wp-content\/uploads\/2026\/04\/logo-108x108.jpeg 108w\" sizes=\"auto, (max-width: 500px) 100vw, 500px\" \/><\/figure>\n<\/div>\n\n\n<p>La Pr\u00e9fecture vient, le 30 mars, de publier un arr\u00eat\u00e9\u00a0<strong>rejetant la demande d\u2019autorisation environnementale du parc de La Lauzette aux Omergues.\u00a0<\/strong>Nul doute que l\u2019avis d\u00e9favorable \u00e9mis par la CDPENAF (Commission D\u00e9partementale de Pr\u00e9servation des Espaces Naturels, Agricoles et Forestiers) a jou\u00e9 un r\u00f4le consid\u00e9rable dans cette prise de position de la Pr\u00e9fecture. Mais, tr\u00e8s modestement, nous pouvons affirmer que cela n&#8217;aurait pas \u00e9t\u00e9 possible sans les interventions de la STAJA. Pour autant, tout n\u2019est pas termin\u00e9 puisque la soci\u00e9t\u00e9 devant exploiter ce parc a 2 mois pour d\u00e9poser un recours. Cette soci\u00e9t\u00e9, \u00a0c&#8217;est la SAS La Lauzette (La Ciotat &#8211; 13). Mais derri\u00e8re elle se &#8220;cache&#8221; une bien plus grande soci\u00e9t\u00e9, la Sonnedix France Services.\u00a0N&#8217;oublions pas \u00e9galement qu\u2019il reste encore un projet de parc pour lequel nous attendons aussi une d\u00e9cision de la pr\u00e9fecture et pour lequel la CDPENAF a \u00e9galement \u00e9mis un avis d\u00e9favorable..<\/p>\n\n\n\n<h2 class=\"wp-block-heading has-vivid-red-color has-text-color has-link-color wp-elements-9282a3887513e3325e393c7b066940a2\">Cruis&nbsp;: la bataille juridique reprend\u2009!<\/h2>\n\n\n<div class=\"wp-block-image\">\n<figure class=\"alignright size-full\"><img loading=\"lazy\" decoding=\"async\" width=\"404\" height=\"112\" src=\"https:\/\/staja.fr\/wp-content\/uploads\/2025\/07\/amilure.jpg\" alt=\"\" class=\"wp-image-260\" srcset=\"https:\/\/staja.fr\/wp-content\/uploads\/2025\/07\/amilure.jpg 404w, https:\/\/staja.fr\/wp-content\/uploads\/2025\/07\/amilure-300x83.jpg 300w, https:\/\/staja.fr\/wp-content\/uploads\/2025\/07\/amilure-390x108.jpg 390w\" sizes=\"auto, (max-width: 404px) 100vw, 404px\" \/><\/figure>\n<\/div>\n\n\n<p>A Cruis (04), la soci\u00e9t\u00e9 Boralex avait le choix : poursuivre les travaux sous certaines conditions ou d\u00e9manteler l&#8217;installation. Comme on pouvait s&#8217;en douter, elle a choisi de mener l&#8217;affaire pr\u00e8s du Conseil d&#8217;Etat ! Amilure explique : &#8220;<em>Comme on le sait,&nbsp;la soci\u00e9t\u00e9 Boralex a d\u00e9pos\u00e9 un pourvoi en cassation&nbsp;devant le Conseil d\u2019Etat visant \u00e0 l\u2019annulation pure et simple de l\u2019arr\u00eat rendu le 31 mai 2024 par la Cour administrative d\u2019appel de Marseille. Par courrier du 1er juillet 2025, la juridiction nous a inform\u00e9s de l\u2019admissibilit\u00e9 de l\u2019affaire, nous invitant \u00e0 solliciter l\u2019assistance, dans le d\u00e9lai d\u2019un mois, d\u2019un avocat au Conseil d\u2019Etat afin qu\u2019il nous repr\u00e9sente et fasse valoir nos arguments. S\u2019agissant d\u2019un recours en cassation, l\u2019objet de cette proc\u00e9dure est d\u2019examiner la r\u00e9gularit\u00e9 de la d\u00e9cision rendue et non de statuer \u00e0 nouveau sur le fond du dossier. A la demande du minist\u00e8re de la Transition \u00e9nerg\u00e9tique, le Conseil d\u2019Etat a fix\u00e9 la cl\u00f4ture de l\u2019instruction au&nbsp;1er&nbsp;octobre 2025.<\/em>&#8220;<\/p>\n\n\n\n<p><a href=\"https:\/\/amilure.org\/projets-enr\/2025\/07\/cuis-la-bataille-juridique-reprend\/\" data-type=\"link\" data-id=\"https:\/\/amilure.org\/projets-enr\/2025\/07\/cuis-la-bataille-juridique-reprend\/\" target=\"_blank\" rel=\"noreferrer noopener\">Voir l&#8217;article complet d&#8217;Amilure sur son site<\/a>.<\/p>\n\n\n\n<h2 class=\"wp-block-heading has-vivid-red-color has-text-color has-link-color wp-elements-569a044d66296f3b2b604c05f6777260\">Victoire contre la b\u00e9tonisation de 86 hectares en plaine agricole de Pertuis (Vaucluse)<\/h2>\n\n\n<div class=\"wp-block-image is-style-default\">\n<figure class=\"alignright size-full is-resized\"><img loading=\"lazy\" decoding=\"async\" width=\"200\" height=\"200\" src=\"https:\/\/staja.fr\/wp-content\/uploads\/2025\/06\/logo-terres-vives-pertuis-01.jpg\" alt=\"\" class=\"wp-image-222\" style=\"width:146px;height:auto\" srcset=\"https:\/\/staja.fr\/wp-content\/uploads\/2025\/06\/logo-terres-vives-pertuis-01.jpg 200w, https:\/\/staja.fr\/wp-content\/uploads\/2025\/06\/logo-terres-vives-pertuis-01-150x150.jpg 150w, https:\/\/staja.fr\/wp-content\/uploads\/2025\/06\/logo-terres-vives-pertuis-01-108x108.jpg 108w\" sizes=\"auto, (max-width: 200px) 100vw, 200px\" \/><\/figure>\n<\/div>\n\n\n<p>86 hectares d&#8217;espaces naturels et agricoles sauv\u00e9s ! L&#8217;association &#8220;<strong>Terres Vives Pertuis<\/strong>&#8220;, apr\u00e8s cinq ans de bataille judiciaire, de manifestations, et de travail acharn\u00e9 en faveur du vivant, a gagn\u00e9 le 3 juin dernier le proc\u00e8s en appel contre la M\u00e9tropole Aix-Marseille, la Pr\u00e9fecture de Vaucluse et l&#8217;\u00c9tablissement Public Foncier Paca dans l&#8217;affaire qui les opposait relativement \u00e0 l&#8217;arr\u00eat\u00e9 pr\u00e9fectoral du 25 juin 2020 d\u00e9clarant d&#8217;utilit\u00e9 publique la cr\u00e9ation d&#8217;une r\u00e9serve fonci\u00e8re de 86ha en plaine agricole cultiv\u00e9e sur la commune de Pertuis.<\/p>\n\n\n\n<p>Page Facebook de &#8220;<a href=\"https:\/\/www.facebook.com\/terresvivespertuis\/\">Terres vives Pertuis<\/a>&#8220;<\/p>\n\n\n\n<p>Le <a href=\"http:\/\/staja.fr\/wp-content\/uploads\/2025\/06\/France-Cour-administrative-dappel-de-TOULOUSE-2eme-chambre-03-juin-2025-23TL01867.pdf\" target=\"_blank\" rel=\"noreferrer noopener\"><strong>jugement rendu par la Cour administrative d&#8217;appel de TOULOUSE<\/strong><\/a>, 2\u00e8me chambre, 03 juin 2025<\/p>\n\n\n\n<h2 class=\"wp-block-heading has-vivid-red-color has-text-color has-link-color wp-elements-86d44c09fc670811be02a03f56874ba1\">Abandon du projet de parc agrivolta\u00efque aux Omergues<\/h2>\n\n\n\n<p>     Par courrier en date du 28 avril 2025, la soci\u00e9t\u00e9 ABO Energy nous informe de leur &#8220;<em><strong>d\u00e9cision d&#8217;arr\u00eater le projet agrivolta\u00efque que nous \u00e9tudions sur la commune des Omergues, sur la parcelle de Monsieur &#8230;.<\/strong><\/em>&#8220;. Ils expliquent : &#8220;<em>Les \u00e9tudes naturalistes ont r\u00e9v\u00e9l\u00e9 que les enjeux \u00e9cologiques sur le site \u00e9taient trop importants pour permettre une mise en \u0153uvre conforme \u00e0 nos exigences en mati\u00e8re de pr\u00e9servation de la biodiversit\u00e9<\/em>&#8220;. Certes, pour notre part, nous doutons fort de leurs &#8220;<em>exigences en mati\u00e8re de pr\u00e9servation de la biodiversit\u00e9<\/em>&#8221; et pensons que l&#8217;action que nous menions depuis des mois contre ce projet de parc n&#8217;est pas totalement \u00e9tranger \u00e0 leur d\u00e9cision. Pour sa part, la Mairie des Omergues nous indique : &#8220;<em>La commune n&#8217;ayant pas sign\u00e9 la convention de servitudes en tenant compte de l&#8217;avis des administr\u00e9s, la soci\u00e9t\u00e9 en charge du projet a d\u00e9cid\u00e9 d&#8217;abandonner son \u00e9tude<\/em>&#8220;.<\/p>\n\n\n\n<p>    Quoi qu&#8217;il en soit, nous nous r\u00e9jouissons de cette d\u00e9cision qui ne peut que nous conforter dans la poursuite de notre action contre les 2 parcs photovolta\u00efques pr\u00e9vus sur notre commune et dont le permis de construire a \u00e9t\u00e9 d\u00e9pos\u00e9. <strong>A suivre donc !<\/strong> <br><a href=\"http:\/\/staja.fr\/wp-content\/uploads\/2025\/05\/2025-05-02-lettre-abo-fin-projet.pdf\" target=\"_blank\" rel=\"noreferrer noopener\"><strong>Lire ici la lettre d&#8217;Abo Energy du 28\/05\/2025<\/strong><\/a><\/p>\n\n\n\n<h2 class=\"wp-block-heading has-vivid-red-color has-text-color has-link-color wp-elements-1dbf3884e2183af8fddda5481fbc568b\">L\u2019industrie du solaire s\u2019attaque de nouveau \u00e0 la montagne de Lure <\/h2>\n\n\n<div class=\"wp-block-image\">\n<figure class=\"alignright size-large is-resized\"><img loading=\"lazy\" decoding=\"async\" width=\"1024\" height=\"576\" src=\"https:\/\/staja.fr\/wp-content\/uploads\/2025\/05\/2025-04-28-Redortiers-PPV-1024x576.jpeg\" alt=\"\" class=\"wp-image-195\" style=\"width:386px;height:auto\" srcset=\"https:\/\/staja.fr\/wp-content\/uploads\/2025\/05\/2025-04-28-Redortiers-PPV-1024x576.jpeg 1024w, https:\/\/staja.fr\/wp-content\/uploads\/2025\/05\/2025-04-28-Redortiers-PPV-300x169.jpeg 300w, https:\/\/staja.fr\/wp-content\/uploads\/2025\/05\/2025-04-28-Redortiers-PPV-768x432.jpeg 768w, https:\/\/staja.fr\/wp-content\/uploads\/2025\/05\/2025-04-28-Redortiers-PPV-1536x864.jpeg 1536w, https:\/\/staja.fr\/wp-content\/uploads\/2025\/05\/2025-04-28-Redortiers-PPV-863x485.jpeg 863w, https:\/\/staja.fr\/wp-content\/uploads\/2025\/05\/2025-04-28-Redortiers-PPV-192x108.jpeg 192w, https:\/\/staja.fr\/wp-content\/uploads\/2025\/05\/2025-04-28-Redortiers-PPV.jpeg 1600w\" sizes=\"auto, (max-width: 1024px) 100vw, 1024px\" \/><\/figure>\n<\/div>\n\n\n<p>La for\u00eat de <strong>Couravoune au Redortiers<\/strong> a besoin de vous ! C\u2019est simple et rapide : <strong>r\u00e9pondre \u00e0 la consultation publique avant le 16 mai&#8230;<\/strong> Gr\u00e2ce \u00e0 notre recours gracieux de 2024, la pr\u00e9fecture a \u00e9t\u00e9 contrainte de reconna\u00eetre que le site de Couravoune, au Redortiers, est bien une v\u00e9ritable for\u00eat. Engie Green est donc d\u00e9sormais tenue de demander une autorisation de d\u00e9frichage. Mais plut\u00f4t que d\u2019admettre l\u2019absurdit\u00e9 de raser une for\u00eat pour la remplacer par des panneaux photovolta\u00efques chinois et de tourner les talons, l\u2019industriel persiste. Ce sont donc 12ha de for\u00eat qui sont menac\u00e9s de destruction, d\u00e8s cette ann\u00e9e, au Redortiers \u2026 <br><strong><a href=\"http:\/\/staja.fr\/wp-content\/uploads\/2025\/05\/2025-04-28-Redortiers-PPV.-texte-appel.pdf\">Lire la suite ici !<\/a><\/strong><\/p>\n\n\n\n<h2 class=\"wp-block-heading has-vivid-red-color has-text-color has-link-color wp-elements-b1a860672f66e02cf5a867dce50eb0da\">STAJA : son origine&#8230;<\/h2>\n\n\n<div class=\"wp-block-image\">\n<figure class=\"alignright size-large is-resized\"><img loading=\"lazy\" decoding=\"async\" width=\"1024\" height=\"291\" src=\"http:\/\/staja.fr\/wp-content\/uploads\/2025\/02\/2024-08-PV-du-Defends-01-1024x291.jpg\" alt=\"\" class=\"wp-image-109\" style=\"width:507px;height:auto\" srcset=\"https:\/\/staja.fr\/wp-content\/uploads\/2025\/02\/2024-08-PV-du-Defends-01-1024x291.jpg 1024w, https:\/\/staja.fr\/wp-content\/uploads\/2025\/02\/2024-08-PV-du-Defends-01-300x85.jpg 300w, https:\/\/staja.fr\/wp-content\/uploads\/2025\/02\/2024-08-PV-du-Defends-01-768x218.jpg 768w, https:\/\/staja.fr\/wp-content\/uploads\/2025\/02\/2024-08-PV-du-Defends-01-1536x437.jpg 1536w, https:\/\/staja.fr\/wp-content\/uploads\/2025\/02\/2024-08-PV-du-Defends-01-863x245.jpg 863w, https:\/\/staja.fr\/wp-content\/uploads\/2025\/02\/2024-08-PV-du-Defends-01-380x108.jpg 380w, https:\/\/staja.fr\/wp-content\/uploads\/2025\/02\/2024-08-PV-du-Defends-01.jpg 1914w\" sizes=\"auto, (max-width: 1024px) 100vw, 1024px\" \/><\/figure>\n<\/div>\n\n\n<p class=\"has-black-color has-text-color has-link-color wp-elements-c061ac756a78efd30a672a86e31c7937\"><strong>La commune des Omergues<\/strong>&nbsp;a la particularit\u00e9 de se trouver \u00e0 peu pr\u00e8s pour moiti\u00e9 dans la&nbsp;<strong>vall\u00e9e du Jabron&nbsp;<\/strong>et pour l\u2019autre moiti\u00e9 sur le&nbsp;<strong>plateau d\u2019Albion<\/strong>&nbsp;au pied de la&nbsp;<strong>montagne de Lure<\/strong>. Le village et quelques hameaux dans la vall\u00e9e du Jabron abritent environ 120 personnes alors que le&nbsp;<strong>hameau de St Andr\u00e9 de Villes\u00e8che<\/strong>&nbsp;sur le plateau d\u2019Albion compte seulement 20 habitants. Pour joindre ces 2 lieux de vie,&nbsp;&#8230;<br><strong><a href=\"http:\/\/staja.fr\/?p=99\">Lire la suite ici !<\/a><\/strong> <\/p>\n\n\n\n<h2 class=\"wp-block-heading has-vivid-red-color has-text-color has-link-color wp-elements-e2c54cf00c1f7b36988315417d3b2d5e\">Avis de l&#8217;Acad\u00e9mie des Sciences \u00e0 propos du texte de la programmation pluriannuelle de l\u2019\u00c9nergie (PPE)<\/h2>\n\n\n\n<p>D&#8217;apr\u00e8s la F\u00e9d\u00e9ration Environnement Durable, l&#8217;Acad\u00e9mie des Sciences explique : <br><strong>* <\/strong>Chiffres incoh\u00e9rents et contradictoires, invalidant la cr\u00e9dibilit\u00e9 des sc\u00e9narios propos\u00e9s.<br><strong>*<\/strong> Surcapacit\u00e9s absurdes en \u00e9nergies intermittentes, sans possibilit\u00e9 de stockage cr\u00e9dible \u00e0 court terme.<br><strong>*<\/strong> Menace sur l\u2019\u00e9quilibre du r\u00e9seau, surco\u00fbts gigantesques, et gestion ing\u00e9rable de la production \u00e9lectrique.<br><strong>*<\/strong> Absence totale d\u2019analyse \u00e9conomique s\u00e9rieuse, malgr\u00e9 les enjeux nationaux. <br><strong>Un texte de la FED sur la PPE<\/strong> : <a href=\"https:\/\/environnementdurable.org\/la-programmation-pluriannuelle-de-lenergie-ppe3-sabotage-energetique-de-la-france-2\/\" target=\"_blank\" rel=\"noreferrer noopener\">La Programmation Pluriannuelle de l\u2019\u00c9nergie (PPE3)&nbsp;:&nbsp;Sabotage \u00c9nerg\u00e9tique de la France <\/a><br><strong>Le texte de l&#8217;Acad\u00e9mie des Sciences<\/strong> : <a href=\"http:\/\/staja.fr\/wp-content\/uploads\/2025\/04\/2025-04-08-PPE3-academie-sciences.pdf\" target=\"_blank\" rel=\"noreferrer noopener\">cliquez ici<\/a><\/p>\n\n\n\n<h2 class=\"wp-block-heading has-vivid-red-color has-text-color has-link-color wp-elements-ecade5a298b398e5ad93c830598cb25e\">Fin du projet photovolta\u00efque \u00e0 Ongles (04)<\/h2>\n\n\n<div class=\"wp-block-image\">\n<figure class=\"alignright size-large is-resized\"><img loading=\"lazy\" decoding=\"async\" width=\"1024\" height=\"683\" src=\"http:\/\/staja.fr\/wp-content\/uploads\/2025\/02\/ongles-1024x683.jpg\" alt=\"\" class=\"wp-image-114\" style=\"width:334px;height:auto\" srcset=\"https:\/\/staja.fr\/wp-content\/uploads\/2025\/02\/ongles-1024x683.jpg 1024w, https:\/\/staja.fr\/wp-content\/uploads\/2025\/02\/ongles-300x200.jpg 300w, https:\/\/staja.fr\/wp-content\/uploads\/2025\/02\/ongles-768x512.jpg 768w, https:\/\/staja.fr\/wp-content\/uploads\/2025\/02\/ongles-863x575.jpg 863w, https:\/\/staja.fr\/wp-content\/uploads\/2025\/02\/ongles-162x108.jpg 162w, https:\/\/staja.fr\/wp-content\/uploads\/2025\/02\/ongles.jpg 1152w\" sizes=\"auto, (max-width: 1024px) 100vw, 1024px\" \/><\/figure>\n<\/div>\n\n\n<p><strong>Amilure gagne en appel<\/strong> :<br>Apr\u00e8s Boralex, Amilure place Engie Green face \u00e0 ses responsabilit\u00e9s&nbsp;: nous gagnons en appel contre le permis de d\u00e9frichement sur le bois de Seygne, \u00e0 Ongles.<br><strong><a href=\"https:\/\/amilure.org\/projets-enr\/2025\/01\/ongles-amilure-gagne-en-appel\/\" data-type=\"link\" data-id=\"https:\/\/amilure.org\/projets-enr\/2025\/01\/ongles-amilure-gagne-en-appel\/\" target=\"_blank\" rel=\"noreferrer noopener\">Lire l&#8217;article ici sur le site d&#8217;Amilure<\/a><\/strong><br><strong>Ongles, le sujet est clos<\/strong> :<br>La mairie d\u2019Ongles referme d\u00e9finitivement le dossier photovolta\u00efque \u00e0 Seygne, que nous avons r\u00e9cemment attaqu\u00e9 en justice avec succ\u00e8s.<br><strong><a href=\"https:\/\/amilure.org\/projets-enr\/2025\/02\/ongles-le-sujet-est-clos\/\" target=\"_blank\" rel=\"noreferrer noopener\">Lire l&#8217;article ici sur le site d&#8217;Amilure<\/a><\/strong> <br><strong>Derni\u00e8re mise \u00e0 jour<\/strong> : Nous croyions la cause entendue mais il se trouve que, malgr\u00e9 la renonciation \u00e0 ce projet par la mairie d\u2019Ongles, Engie Green souhaite quand m\u00eame se pourvoir en cassation, dans une logique qui ne semble pas compl\u00e8tement \u00e9vidente. Il faut encore que ce pourvoi soit jug\u00e9 admissible par le Conseil d\u2019Etat \u2013 voil\u00e0 bient\u00f4t 9 mois que nous sommes en attente de ce premier verdict dans le cas de Boralex \u00e0 Cruis. <br><a href=\"https:\/\/amilure.org\/projets-enr\/2025\/02\/ongles-le-sujet-est-clos\/\">https:\/\/amilure.org\/projets-enr\/2025\/02\/ongles-le-sujet-est-clos\/<\/a><\/p>\n\n\n\n<h2 class=\"wp-block-heading has-vivid-red-color has-text-color has-link-color wp-elements-8215ed321779451a98c105353062059c\">Victoire \u00e0 Mouthiers-sur-Bo\u00ebme (Charente)<\/h2>\n\n\n<div class=\"wp-block-image\">\n<figure class=\"alignleft size-full\"><img loading=\"lazy\" decoding=\"async\" width=\"225\" height=\"225\" src=\"http:\/\/staja.fr\/wp-content\/uploads\/2025\/02\/mouthiers.jpeg\" alt=\"\" class=\"wp-image-121\" srcset=\"https:\/\/staja.fr\/wp-content\/uploads\/2025\/02\/mouthiers.jpeg 225w, https:\/\/staja.fr\/wp-content\/uploads\/2025\/02\/mouthiers-150x150.jpeg 150w, https:\/\/staja.fr\/wp-content\/uploads\/2025\/02\/mouthiers-108x108.jpeg 108w\" sizes=\"auto, (max-width: 225px) 100vw, 225px\" \/><\/figure>\n<\/div>\n\n\n<p>Extrait du Communiqu\u00e9 de presse&nbsp;du 23 f\u00e9vrier 2025 de l&#8217;association &#8220;P<strong>r\u00e9servons Mouthiers<\/strong><br>&#8220;Nous avons appris vendredi le refus de permis de construire par Monsieur le Pr\u00e9fet de la Charente concernant le projet de centrale photovolta\u00efque \u00e0 l&#8217;entr\u00e9e de Mouthiers-sur-Bo\u00ebme. Pr\u00e8s de 600 participations \u00e0 l&#8217;enqu\u00eate publique, une p\u00e9tition avec plus de 1300 signatures et 3 ans de combat acharn\u00e9&nbsp;(&#8230;)<br><strong><a href=\"http:\/\/staja.fr\/wp-content\/uploads\/2025\/02\/2025-02-25-Charente-libre-La-prefecture-dit-non-au-projet-de-centrale-photovoltaique.pdf\" data-type=\"link\" data-id=\"http:\/\/staja.fr\/wp-content\/uploads\/2025\/02\/2025-02-25-Charente-libre-La-prefecture-dit-non-au-projet-de-centrale-photovoltaique.pdf\" target=\"_blank\" rel=\"noreferrer noopener\">Lire ici l&#8217;article de La Charente Libre du 25 f\u00e9vrier 2025<\/a><\/strong><\/p>\n\n\n\n<h2 class=\"wp-block-heading has-vivid-red-color has-text-color has-link-color wp-elements-32ac881f110d59a683ebda1f6b0aa24d\">Victoire \u00e0 Freyssenet (Ard\u00e8che)<\/h2>\n\n\n<div class=\"wp-block-image\">\n<figure class=\"alignleft size-full is-resized\"><img loading=\"lazy\" decoding=\"async\" width=\"940\" height=\"788\" src=\"http:\/\/staja.fr\/wp-content\/uploads\/2025\/02\/CONF-PAYSANNE-07.jpg\" alt=\"\" class=\"wp-image-127\" style=\"width:236px;height:auto\" srcset=\"https:\/\/staja.fr\/wp-content\/uploads\/2025\/02\/CONF-PAYSANNE-07.jpg 940w, https:\/\/staja.fr\/wp-content\/uploads\/2025\/02\/CONF-PAYSANNE-07-300x251.jpg 300w, https:\/\/staja.fr\/wp-content\/uploads\/2025\/02\/CONF-PAYSANNE-07-768x644.jpg 768w, https:\/\/staja.fr\/wp-content\/uploads\/2025\/02\/CONF-PAYSANNE-07-863x723.jpg 863w, https:\/\/staja.fr\/wp-content\/uploads\/2025\/02\/CONF-PAYSANNE-07-129x108.jpg 129w\" sizes=\"auto, (max-width: 940px) 100vw, 940px\" \/><\/figure>\n<\/div>\n\n\n<p>La pr\u00e9fecture d&#8217;Ard\u00e8che a refus\u00e9 le 20 f\u00e9vrier 2025 le permis de construire du <strong>parc agrivolta\u00efque de Freyssenet<\/strong> en raison de risques potentiels d&#8217;incendie et des risques encourus par les oiseaux au cours de leur vol. Ce projet de parc \u00e9tait combattu en particulier par la Conf\u00e9d\u00e9ration Paysanne d&#8217;Ard\u00e8che.<br><strong><a href=\"http:\/\/staja.fr\/wp-content\/uploads\/2025\/02\/2025-02-25-Le-Dauphine-PV-Freyssinet.pdf\">Lire ici l&#8217;article du Dauphin\u00e9<\/a><\/strong><br><strong><a href=\"http:\/\/staja.fr\/wp-content\/uploads\/2025\/02\/2025-02-20-pref-07-refus-permis-construire-ParcAgrivoltaiqueFreyssenet-risques-incendies-et-faune.pdf\" target=\"_blank\" rel=\"noreferrer noopener\">Lire ici l&#8217;arr\u00eat\u00e9 de la Pr\u00e9fecture refusant le permis de construire<\/a><\/strong><\/p>\n\n\n\n<h2 class=\"wp-block-heading has-text-color has-link-color wp-elements-5f08dac181b770520294c198df292a7f\" style=\"color:#cf2e2d\">Centrale Photovolta\u00efque de Monaco \u00e0 Levens (Alpes Maritimes) : le projet&nbsp; suspendu par la justice<\/h2>\n\n\n<div class=\"wp-block-image\">\n<figure class=\"alignright size-full is-resized\"><img loading=\"lazy\" decoding=\"async\" width=\"714\" height=\"339\" src=\"https:\/\/staja.fr\/wp-content\/uploads\/2025\/03\/perdigones.jpg\" alt=\"\" class=\"wp-image-140\" style=\"width:352px;height:auto\" srcset=\"https:\/\/staja.fr\/wp-content\/uploads\/2025\/03\/perdigones.jpg 714w, https:\/\/staja.fr\/wp-content\/uploads\/2025\/03\/perdigones-300x142.jpg 300w, https:\/\/staja.fr\/wp-content\/uploads\/2025\/03\/perdigones-227x108.jpg 227w\" sizes=\"auto, (max-width: 714px) 100vw, 714px\" \/><\/figure>\n<\/div>\n\n\n<p>\u00ab<em>&nbsp;Pour insuffisance de l\u2019\u00e9tude d\u2019impact sur la biodiversit\u00e9 et insuffisance des mesures pr\u00e9vues pour compenser les effets n\u00e9gatifs du projet&nbsp;<\/em>\u00bb, le permis de construire d\u00e9livr\u00e9 par le pr\u00e9fet des Alpes Maritimes en mars 2024, est suspendu. Le Tribunal administratif de Nice donne dix mois \u00e0 la soci\u00e9t\u00e9 mon\u00e9gasque pour&nbsp;rem\u00e9dier aux insuffisances identifi\u00e9es au sein de l\u2019\u00e9tude d\u2019impact en vue de la d\u00e9livrance, le cas \u00e9ch\u00e9ant, d\u2019un permis de construire modificatif. <br><strong><a href=\"https:\/\/lesperdigones.fr\/2025\/03\/centrale-photovoltaique-de-monaco-a-levens-le-projet-suspendu-par-la-justice.html\" target=\"_blank\" rel=\"noreferrer noopener\">Lire ici l&#8217;article de l&#8217;association &#8220;Les Perdigones&#8221;<\/a><\/strong><\/p>\n\n\n\n<p><\/p>\n","protected":false},"excerpt":{"rendered":"<p>La pr\u00e9fecture rejette la demande d&#8217;autorisation environnementale pour le parc de La Lauzette aux Omergues (04) La Pr\u00e9fecture vient, le 30 mars, de publier un arr\u00eat\u00e9\u00a0rejetant la demande d\u2019autorisation environnementale du parc de La Lauzette aux Omergues.\u00a0Nul doute que l\u2019avis d\u00e9favorable \u00e9mis par la CDPENAF (Commission D\u00e9partementale de Pr\u00e9servation des Espaces Naturels, Agricoles et Forestiers) &hellip; <a href=\"https:\/\/staja.fr\/\" class=\"more-link\">Continue reading <span class=\"screen-reader-text\">Accueil<\/span><\/a><\/p>\n","protected":false},"author":1,"featured_media":0,"parent":0,"menu_order":0,"comment_status":"closed","ping_status":"closed","template":"","meta":{"footnotes":""},"class_list":["post-107","page","type-page","status-publish","hentry"],"_links":{"self":[{"href":"https:\/\/staja.fr\/index.php?rest_route=\/wp\/v2\/pages\/107","targetHints":{"allow":["GET"]}}],"collection":[{"href":"https:\/\/staja.fr\/index.php?rest_route=\/wp\/v2\/pages"}],"about":[{"href":"https:\/\/staja.fr\/index.php?rest_route=\/wp\/v2\/types\/page"}],"author":[{"embeddable":true,"href":"https:\/\/staja.fr\/index.php?rest_route=\/wp\/v2\/users\/1"}],"replies":[{"embeddable":true,"href":"https:\/\/staja.fr\/index.php?rest_route=%2Fwp%2Fv2%2Fcomments&post=107"}],"version-history":[{"count":25,"href":"https:\/\/staja.fr\/index.php?rest_route=\/wp\/v2\/pages\/107\/revisions"}],"predecessor-version":[{"id":445,"href":"https:\/\/staja.fr\/index.php?rest_route=\/wp\/v2\/pages\/107\/revisions\/445"}],"wp:attachment":[{"href":"https:\/\/staja.fr\/index.php?rest_route=%2Fwp%2Fv2%2Fmedia&parent=107"}],"curies":[{"name":"wp","href":"https:\/\/api.w.org\/{rel}","templated":true}]}}